{"id":299,"date":"2017-11-06T21:13:56","date_gmt":"2017-11-06T21:13:56","guid":{"rendered":"http:\/\/totzenbach.at.c51.previewmysite.eu\/?page_id=299"},"modified":"2017-11-06T21:15:07","modified_gmt":"2017-11-06T21:15:07","slug":"senning","status":"publish","type":"page","link":"http:\/\/totzenbach.at\/?page_id=299","title":{"rendered":"Senning"},"content":{"rendered":"<p>Die Katastralgemeinde Senning liegt am Fu\u00dfe des H\u00f6henr\u00fcckens &#8222;Haspelwald&#8220;. Dieser erstreckt sich in OstWest-Richtung von N\u00e4he Asperhofen bis N\u00e4he B\u00f6heimkirchen. Der &#8222;Haspelwald&#8220; ist der letzte westliche Ausl\u00e4ufer des &#8222;Wiener Waldes&#8220;. Wenn man ihn auf einer kurvenreichen Stra\u00dfe in Nord- S\u00fcdrichtung durchf\u00e4hrt, kann man sich an einer sehr beschaulichen Landschaft erfreuen.<\/p>\n<p><em>Mehr zu Senning von Leo Rollenitz im .pdf<\/em><\/p>\n<p><a href=\"http:\/\/totzenbach.at.c51.previewmysite.eu\/wp-content\/uploads\/2017\/11\/Dorfseite-Senning_Start_05112017.pdf\">Dorfseite Senning_Start_05112017<\/a><\/p>\n<pre><em>(Der Text im download stammt aus der alten Website des Vereins der Freunde Totzenbachs und wurde in den Jahren 2001-2015 verfasst\/bearbeitet. Wir haben ihn als historisches Dokument aufgehoben. Neuere Informationen finden Sie gegebenenfalls auf dieser Seite.)\u00a0\u00a0<\/em><\/pre>\n","protected":false},"excerpt":{"rendered":"<p>Die Katastralgemeinde Senning liegt am Fu\u00dfe des H\u00f6henr\u00fcckens &#8222;Haspelwald&#8220;. Dieser erstreckt sich in OstWest-Richtung von N\u00e4he Asperhofen bis N\u00e4he B\u00f6heimkirchen. Der &#8222;Haspelwald&#8220; ist der letzte westliche Ausl\u00e4ufer des &#8222;Wiener Waldes&#8220;. [&hellip;]<\/p>\n","protected":false},"author":2,"featured_media":0,"parent":120,"menu_order":4,"comment_status":"closed","ping_status":"closed","template":"","meta":{"footnotes":""},"_links":{"self":[{"href":"http:\/\/totzenbach.at\/index.php?rest_route=\/wp\/v2\/pages\/299"}],"collection":[{"href":"http:\/\/totzenbach.at\/index.php?rest_route=\/wp\/v2\/pages"}],"about":[{"href":"http:\/\/totzenbach.at\/index.php?rest_route=\/wp\/v2\/types\/page"}],"author":[{"embeddable":true,"href":"http:\/\/totzenbach.at\/index.php?rest_route=\/wp\/v2\/users\/2"}],"replies":[{"embeddable":true,"href":"http:\/\/totzenbach.at\/index.php?rest_route=%2Fwp%2Fv2%2Fcomments&post=299"}],"version-history":[{"count":2,"href":"http:\/\/totzenbach.at\/index.php?rest_route=\/wp\/v2\/pages\/299\/revisions"}],"predecessor-version":[{"id":302,"href":"http:\/\/totzenbach.at\/index.php?rest_route=\/wp\/v2\/pages\/299\/revisions\/302"}],"up":[{"embeddable":true,"href":"http:\/\/totzenbach.at\/index.php?rest_route=\/wp\/v2\/pages\/120"}],"wp:attachment":[{"href":"http:\/\/totzenbach.at\/index.php?rest_route=%2Fwp%2Fv2%2Fmedia&parent=299"}],"curies":[{"name":"wp","href":"https:\/\/api.w.org\/{rel}","templated":true}]}}