{"id":252,"date":"2017-11-06T21:21:49","date_gmt":"2017-11-06T21:21:49","guid":{"rendered":"http:\/\/totzenbach.at.c51.previewmysite.eu\/?page_id=252"},"modified":"2017-11-06T22:06:19","modified_gmt":"2017-11-06T22:06:19","slug":"die-pfarrkirche","status":"publish","type":"page","link":"http:\/\/totzenbach.at\/?page_id=252","title":{"rendered":"Die Pfarrkirche"},"content":{"rendered":"<h3>Ein gotisches Juwel: Die Pfarrkirche von Totzenbach<\/h3>\n<p><em>von Leo Rollenitz<\/em><\/p>\n<p><img loading=\"lazy\" decoding=\"async\" class=\"size-medium wp-image-247 alignleft\" src=\"http:\/\/totzenbach.at.c51.previewmysite.eu\/wp-content\/uploads\/2017\/11\/Pfarrkirche-243x300.jpg\" alt=\"\" width=\"243\" height=\"300\" srcset=\"http:\/\/totzenbach.at.c51.previewmysite.eu\/wp-content\/uploads\/2017\/11\/Pfarrkirche-243x300.jpg 243w, http:\/\/totzenbach.at.c51.previewmysite.eu\/wp-content\/uploads\/2017\/11\/Pfarrkirche.jpg 450w\" sizes=\"(max-width: 243px) 100vw, 243px\" \/>Wann wurde unsere Pfarrkirche gebaut? Wir wissen es leider nicht genau &#8211; aber die Pfarrgr\u00fcndung 1374 durch <strong>Hans von Totzenbach<\/strong>\u00a0l\u00e4\u00dft vermuten, da\u00df zu dieser Zeit das Bauwerk schon bestanden hat. Baualtersgutachten und der Stil ingesamt rechtfertigen diese Theorie und sagen, da\u00df etwa ab 1340 mit diesem f\u00fcr unser Dorf in der damaligen Zeit recht stattliche Bau begonnen wurde.<br \/>\nWir haben heute das gro\u00dfe Gl\u00fcck, da\u00df sp\u00e4ter Kirche und Dorf nicht mehr diese Bedeuteutung f\u00fcr ihre Grund- und Patronatsherren hatten und daher dieses Bauwerk auch heute noch sehr einheitlich hochgotisch geblieben ist. Nur der T\u00fcrkensturm 1683 hat das ehemalige Kreuzrippengew\u00f6lbe in der Apsis zerst\u00f6rt und in der beginnenden Barockzeit wurde dieser Teil dann einfach flach eingedeckt.<br \/>\nBei der Innenrenovierung ab 1981 konnten zahlreiche Steinmetzzeichen, besonders im Bereich der Chorstiegen gefunden werden.<\/p>\n<p>Frau Dr. Landskron fand sehr viel \u00dcbereinstimmung zu publizierten Zeichen aus der Dombauh\u00fctte zu St. Stephan in Wien und auch historisch gibt es eindeutige Beziehungen: Der Pfarrgr\u00fcnder Hans war Hofmeister der Erzherzogin Anna, der Gattin Rudolfs des Stifters und um diese Zeit wurde auch die Hauptarbeit am Stephansdom gemacht. Die klassischen Ma\u00dfe und Proportionen unserer Dorfkirche zeigen auch die Professionalit\u00e4t des Bauherren. \u00dcbrigens, unser Hans von Totzenbach war damals ein bedeutender Mann &#8211; auch auf der Gr\u00fcndungsurkunde der Wiener Universit\u00e4t &#8222;Magna Mater Rudolfina&#8220; kann man seine Unterschrift als Zeuge bewundern.<\/p>\n<p>Ein ber\u00fchmter Verwandter unseres Kirchenerbauers und Pfarrgr\u00fcnders war <strong>Abt Ulrich<\/strong> &#8222;toczenpeckh&#8220; 1360-1370 im Stift G\u00f6ttweig. Sein Grabstein, der \u00e4lteste des Stiftes ist im &#8222;Apothekergang&#8220;, am Weg aus der Krypta zu besichtigen.<\/p>\n<p><img loading=\"lazy\" decoding=\"async\" class=\"size-medium wp-image-245 alignleft\" src=\"http:\/\/totzenbach.at.c51.previewmysite.eu\/wp-content\/uploads\/2017\/11\/Ansicht-von-Totzenbach-ledentu-300x190.jpg\" alt=\"\" width=\"300\" height=\"190\" srcset=\"http:\/\/totzenbach.at.c51.previewmysite.eu\/wp-content\/uploads\/2017\/11\/Ansicht-von-Totzenbach-ledentu-300x190.jpg 300w, http:\/\/totzenbach.at.c51.previewmysite.eu\/wp-content\/uploads\/2017\/11\/Ansicht-von-Totzenbach-ledentu.jpg 512w\" sizes=\"(max-width: 300px) 100vw, 300px\" \/><strong>Zur Pfarrgeschichte ein paar Daten:<\/strong><\/p>\n<ul>\n<li>1528 kam die Reformation auch nach Totzenbach! 100 Jahre war Totzenbach das lutherische Zentrum unserer Gegend. Aber nicht nur Totzenbach &#8211; alle umliegenden Kirchen au\u00dfer Ollersbach nahmen den neuen Glauban an.<\/li>\n<li>Bis 1627 sind &#8222;Pr\u00e4dikanten&#8220; in Totzenbach nachweisbar. Die Gegenreformation vertrieb zwar damals die unbotm\u00e4\u00dfigen Pfarrer &#8211; zur Widererrichtung der Pfarre mu\u00dfte man noch bis<\/li>\n<li>1784 warten &#8211; Kaiser Josef II befahl, da\u00df wieder ein Pfarrer in Totzenbach einzuziehen hat! Der Kirchenobrigkeit gen\u00fcgte die starke Pr\u00e4senz in der Dekanatspfarre Ollersbach. Kirchstetten erhielt damals keinen Pfarrer, die N\u00e4he zu Ollersbach lie\u00df den Weg zum Kirchgang zumutbar erscheinen und so ist bis heute Kirchstetten &#8222;nur&#8220; eine Filialkirche von Ollersbach. Aber auch f\u00fcr Totzenbach ist seit etlichen Jahren die Zeit mit einem eigenen Pfarrer vorbei. Die Pfarre wurde vor wenigen Jahren mit Kirchstetten zusammengelegt und wird heute von B\u00f6heimkirchen aus betreut.<\/li>\n<\/ul>\n<p>Genaueres zur Pfarrkirche und deren Einrichtung gibts im Heimatbuch (1974) und in der inzwischen 2. Auflage eines Kirchenf\u00fchrers (1993).<\/p>\n<p><a href=\"http:\/\/totzenbach.at.c51.previewmysite.eu\/wp-content\/uploads\/2017\/11\/Folder-Pfarrkirche_05112017.pdf\">Informationsfolder zur Pfarrkirche<\/a><\/p>\n<p><a href=\"http:\/\/totzenbach.at.c51.previewmysite.eu\/wp-content\/uploads\/2017\/11\/Das-Wunderwerk-der-alten-Turmuhr.pdf\">Das Wunderwerk der alten Turmuhr<\/a><\/p>\n<pre><em>(Der Text im download stammt aus der alten Website des Vereins der Freunde Totzenbachs und wurde in den Jahren 2001-2015 verfasst\/bearbeitet. Wir haben ihn als historisches Dokument aufgehoben. Neuere Informationen finden Sie gegebenenfalls auf dieser Seite.)\u00a0\u00a0<\/em><\/pre>\n","protected":false},"excerpt":{"rendered":"<p>Ein gotisches Juwel: Die Pfarrkirche von Totzenbach von Leo Rollenitz Wann wurde unsere Pfarrkirche gebaut? Wir wissen es leider nicht genau &#8211; aber die Pfarrgr\u00fcndung 1374 durch Hans von Totzenbach\u00a0l\u00e4\u00dft [&hellip;]<\/p>\n","protected":false},"author":2,"featured_media":0,"parent":110,"menu_order":1,"comment_status":"closed","ping_status":"closed","template":"","meta":{"footnotes":""},"_links":{"self":[{"href":"http:\/\/totzenbach.at\/index.php?rest_route=\/wp\/v2\/pages\/252"}],"collection":[{"href":"http:\/\/totzenbach.at\/index.php?rest_route=\/wp\/v2\/pages"}],"about":[{"href":"http:\/\/totzenbach.at\/index.php?rest_route=\/wp\/v2\/types\/page"}],"author":[{"embeddable":true,"href":"http:\/\/totzenbach.at\/index.php?rest_route=\/wp\/v2\/users\/2"}],"replies":[{"embeddable":true,"href":"http:\/\/totzenbach.at\/index.php?rest_route=%2Fwp%2Fv2%2Fcomments&post=252"}],"version-history":[{"count":4,"href":"http:\/\/totzenbach.at\/index.php?rest_route=\/wp\/v2\/pages\/252\/revisions"}],"predecessor-version":[{"id":346,"href":"http:\/\/totzenbach.at\/index.php?rest_route=\/wp\/v2\/pages\/252\/revisions\/346"}],"up":[{"embeddable":true,"href":"http:\/\/totzenbach.at\/index.php?rest_route=\/wp\/v2\/pages\/110"}],"wp:attachment":[{"href":"http:\/\/totzenbach.at\/index.php?rest_route=%2Fwp%2Fv2%2Fmedia&parent=252"}],"curies":[{"name":"wp","href":"https:\/\/api.w.org\/{rel}","templated":true}]}}