{"id":244,"date":"2017-11-06T20:50:34","date_gmt":"2017-11-06T20:50:34","guid":{"rendered":"http:\/\/totzenbach.at.c51.previewmysite.eu\/?page_id=244"},"modified":"2017-11-06T21:22:46","modified_gmt":"2017-11-06T21:22:46","slug":"schloss-totzenbach","status":"publish","type":"page","link":"http:\/\/totzenbach.at\/?page_id=244","title":{"rendered":"Schloss Totzenbach"},"content":{"rendered":"<h3>Geschichte und Gegenwart von Schloss Totzenbach<\/h3>\n<p><em>von Leo Rollenitz<\/em><\/p>\n<p><img loading=\"lazy\" decoding=\"async\" class=\"size-medium wp-image-249 alignleft\" src=\"http:\/\/totzenbach.at.c51.previewmysite.eu\/wp-content\/uploads\/2017\/11\/vischer-300x208.gif\" alt=\"\" width=\"300\" height=\"208\" \/>Vom Geographen Georg Matth\u00e4us Vischer erschien 1672 eine Topographie \u00fcber Nieder\u00f6sterreich und aus diesem wundersch\u00f6nen, in Kupfer gestochenen Werk stammt nebenstehende Zeichnung des Totzenbacher Schlosses aus dieser Zeit. Die Genauigkeit dieser Zeichnung ist erstaunlich, so k\u00f6nnen wir heute noch die Anzahl der Fensternischen am Osttrakt nachz\u00e4hlen &#8211; oder genauer gesagt an der Umfassungsmauer im Osten, der zugeh\u00f6rige Trakt wurde ja schon 1857 abgebrochen. Neben diesem in unserer Gegend sehr gut bekannten Stich tauchten vor etwa 15 Jahren 3 weitere Darstellungen auf. Diese Bilder stammen von Johannes Ledentu und sind in der Nationalbibliothek einer ungarischen Topographie zugeordnet gewesen. Diese Zeichnungen sind 43 Jahre \u00e4lter und zeigen auch die Kirche, damals noch mit Zwiebelturm.<\/p>\n<p>Nat\u00fcrlich ist ein Burg an dieser Stelle wesentlich \u00e4lter als der ca. 1575 vollendete Renaissance-Ausbau des Job Hartmann von Trauttmansdorff. Im vorliegenden Stich sehen wir auch noch die hochmittelalterliche Burg samt Bergfried in der Mitte des heutigen Hofes, entsprechende Grundmauern konnten auch bei der Renovierung in den 70er Jahren gefunden werden.<\/p>\n<p>Die genaue, ziemlich komplizierte Besitzgeschichte ist im Heimatbuch von Totzenbach nachzulesen &#8211; Dr. B\u00fcttner hat sich 1974 alle M\u00fche gegeben, das Dunkel der Jahrhunderte zu erhellen, etliche Fragen mu\u00dften aber doch offen bleiben. Das Geschlecht der Herren zu Totzenbach starb schon 1394 aus und bis f\u00fcr lange Zeit die Trauttmansdorff Besitzer wurden, fehlen uns etliche Generationen, es waren auch einige wilde Zeiten mit einem &#8222;Raubritter&#8220; Stambsberg, wie wir aus dem Grabstein in der Kirche wissen.<\/p>\n<p>Das seit Anfang des 19. Jahrhunderts im Besitz der Lichtenschein&#8217;schen Gutsverwaltung befindliche Schlo\u00df hatte keinen Gebrauchswert mehr und so wurden Ost- und S\u00fcdtrakt 1857 bzw. 1894 abgerissen und es blieb nur mehr im Norden der bescheidene &#8222;K\u00f6rnerkasten&#8220; und im Westen noch eine Ahnung, welche sch\u00f6nen Gew\u00f6lbe hier einstmals waren. Auch der Turm wurde bis auf Dachh\u00f6he abgetragen und in meiner Jugend erinnerte eigentlich nichts mehr daran da\u00df hier sogar einmal ein stolzer Zwiebelhelm gewesen war.<\/p>\n<p><img loading=\"lazy\" decoding=\"async\" class=\"size-medium wp-image-250 alignleft\" src=\"http:\/\/totzenbach.at.c51.previewmysite.eu\/wp-content\/uploads\/2017\/11\/Ansicht-vom-Hausberg-300x193.jpg\" alt=\"\" width=\"300\" height=\"193\" srcset=\"http:\/\/totzenbach.at.c51.previewmysite.eu\/wp-content\/uploads\/2017\/11\/Ansicht-vom-Hausberg-300x193.jpg 300w, http:\/\/totzenbach.at.c51.previewmysite.eu\/wp-content\/uploads\/2017\/11\/Ansicht-vom-Hausberg-768x494.jpg 768w, http:\/\/totzenbach.at.c51.previewmysite.eu\/wp-content\/uploads\/2017\/11\/Ansicht-vom-Hausberg-1024x658.jpg 1024w, http:\/\/totzenbach.at.c51.previewmysite.eu\/wp-content\/uploads\/2017\/11\/Ansicht-vom-Hausberg-900x579.jpg 900w, http:\/\/totzenbach.at.c51.previewmysite.eu\/wp-content\/uploads\/2017\/11\/Ansicht-vom-Hausberg-1280x823.jpg 1280w\" sizes=\"(max-width: 300px) 100vw, 300px\" \/>Erst als ca. 1973 Josef Figl diese traurigen Reste kaufte und nach und nach wieder zu einem ansehnlichen Bauwerk restaurierte bzw. ausbaute, konnte man langsam auch wieder von einem Schlo\u00df sprechen. Mit beispiellosem Arbeitsaufwand und gro\u00dfem Gef\u00fchl f\u00fcr das Geb\u00e4ude entstand auch wieder ein Torturm auf den Grundmauern des alten &#8211; wie wenn er nie gefehlt h\u00e4tte! Der Hof wurde ausgegraben um die Trakte h\u00f6her erscheinen zu lassen und ein neues, wesentlich steileres Dach waren gut geeignete Mittel, um das Wasserschlo\u00df besser zur Wirkung zu bringen. Auch der inzwischen v\u00f6llig verlandete Teich mu\u00dfte wieder ausgehoben werden. Dieses Werk von Herrn Figl hat zur Totzenbacher Identit\u00e4t unsch\u00e4tzbares beigetragen, auch wenn das Schlo\u00df inzwischen andere Besitzer hat.<\/p>\n<p>Das Schlossgel\u00e4nde ist heute in Privatbesitz und grunds\u00e4tzlich <em>nicht<\/em> \u00f6ffentlich zug\u00e4nglich. Allerdings gibt es immer wieder sch\u00f6ne Veranstaltungen im Schloss und es ist in den letzten Jahren auch ein beliebter Ort f\u00fcr Hochzeiten. Informationen f\u00fcr Interessierte erteilt Herbert Berger unter 0664\/4133849.<\/p>\n","protected":false},"excerpt":{"rendered":"<p>Geschichte und Gegenwart von Schloss Totzenbach von Leo Rollenitz Vom Geographen Georg Matth\u00e4us Vischer erschien 1672 eine Topographie \u00fcber Nieder\u00f6sterreich und aus diesem wundersch\u00f6nen, in Kupfer gestochenen Werk stammt nebenstehende [&hellip;]<\/p>\n","protected":false},"author":2,"featured_media":0,"parent":110,"menu_order":2,"comment_status":"closed","ping_status":"closed","template":"","meta":{"footnotes":""},"_links":{"self":[{"href":"http:\/\/totzenbach.at\/index.php?rest_route=\/wp\/v2\/pages\/244"}],"collection":[{"href":"http:\/\/totzenbach.at\/index.php?rest_route=\/wp\/v2\/pages"}],"about":[{"href":"http:\/\/totzenbach.at\/index.php?rest_route=\/wp\/v2\/types\/page"}],"author":[{"embeddable":true,"href":"http:\/\/totzenbach.at\/index.php?rest_route=\/wp\/v2\/users\/2"}],"replies":[{"embeddable":true,"href":"http:\/\/totzenbach.at\/index.php?rest_route=%2Fwp%2Fv2%2Fcomments&post=244"}],"version-history":[{"count":1,"href":"http:\/\/totzenbach.at\/index.php?rest_route=\/wp\/v2\/pages\/244\/revisions"}],"predecessor-version":[{"id":251,"href":"http:\/\/totzenbach.at\/index.php?rest_route=\/wp\/v2\/pages\/244\/revisions\/251"}],"up":[{"embeddable":true,"href":"http:\/\/totzenbach.at\/index.php?rest_route=\/wp\/v2\/pages\/110"}],"wp:attachment":[{"href":"http:\/\/totzenbach.at\/index.php?rest_route=%2Fwp%2Fv2%2Fmedia&parent=244"}],"curies":[{"name":"wp","href":"https:\/\/api.w.org\/{rel}","templated":true}]}}